{"id":48673,"date":"2021-02-26T15:32:08","date_gmt":"2021-02-26T15:32:08","guid":{"rendered":"https:\/\/www.jbphobbyhorsing.com\/a-propos-de-jbp-hobbyhorsing\/"},"modified":"2025-09-12T12:43:01","modified_gmt":"2025-09-12T12:43:01","slug":"a-propos-de-jbp-hobbyhorsing","status":"publish","type":"page","link":"https:\/\/www.jbphobbyhorsing.com\/fr\/a-propos-de-jbp-hobbyhorsing\/","title":{"rendered":"\u00c0 propos de JBP hobbyhorsing"},"content":{"rendered":"\t\t<div data-elementor-type=\"wp-page\" data-elementor-id=\"48673\" class=\"elementor elementor-48673 elementor-36636\" data-elementor-post-type=\"page\">\n\t\t\t\t\t\t<section class=\"elementor-section elementor-top-section elementor-element elementor-element-1640059 elementor-reverse-tablet elementor-reverse-mobile elementor-section-boxed elementor-section-height-default elementor-section-height-default\" data-id=\"1640059\" data-element_type=\"section\" data-e-type=\"section\">\n\t\t\t\t\t\t<div class=\"elementor-container elementor-column-gap-wide\">\n\t\t\t\t\t<div class=\"elementor-column elementor-col-100 elementor-top-column elementor-element elementor-element-f35100b\" data-id=\"f35100b\" data-element_type=\"column\" data-e-type=\"column\">\n\t\t\t<div class=\"elementor-widget-wrap elementor-element-populated\">\n\t\t\t\t\t\t<div class=\"elementor-element elementor-element-2fe3d47 elementor-widget elementor-widget-heading\" data-id=\"2fe3d47\" data-element_type=\"widget\" data-e-type=\"widget\" data-widget_type=\"heading.default\">\n\t\t\t\t\t<h3 class=\"elementor-heading-title elementor-size-default\">Fabriqu\u00e9 \u00e0 la main avec amour - l'histoire de JBP hobbyhorsing\n<\/h3>\t\t\t\t<\/div>\n\t\t\t\t<div class=\"elementor-element elementor-element-e261d6e elementor-widget elementor-widget-spacer\" data-id=\"e261d6e\" data-element_type=\"widget\" data-e-type=\"widget\" data-widget_type=\"spacer.default\">\n\t\t\t\t\t\t\t<div class=\"elementor-spacer\">\n\t\t\t<div class=\"elementor-spacer-inner\"><\/div>\n\t\t<\/div>\n\t\t\t\t\t\t<\/div>\n\t\t\t\t<div class=\"elementor-element elementor-element-663eb40 elementor-widget elementor-widget-text-editor\" data-id=\"663eb40\" data-element_type=\"widget\" data-e-type=\"widget\" data-widget_type=\"text-editor.default\">\n\t\t\t\t\t\t\t\t\t<p class=\"ng-star-inserted\"><span class=\"ng-star-inserted\">Bienvenue ! Je suis Jara, la fondatrice et cr\u00e9atrice de JBP Hobbyhorsing. Mon univers a toujours tourn\u00e9 autour de deux grandes passions : la beaut\u00e9 intemporelle des chevaux et la joie de cr\u00e9er des choses de mes propres mains.  <\/span><\/p>\t\t\t\t\t\t\t\t<\/div>\n\t\t\t\t\t<\/div>\n\t\t<\/div>\n\t\t\t\t\t<\/div>\n\t\t<\/section>\n\t\t\t\t<section class=\"elementor-section elementor-top-section elementor-element elementor-element-5722196 elementor-reverse-tablet elementor-reverse-mobile elementor-section-boxed elementor-section-height-default elementor-section-height-default\" data-id=\"5722196\" data-element_type=\"section\" data-e-type=\"section\">\n\t\t\t\t\t\t<div class=\"elementor-container elementor-column-gap-wide\">\n\t\t\t\t\t<div class=\"elementor-column elementor-col-100 elementor-top-column elementor-element elementor-element-02688cc\" data-id=\"02688cc\" data-element_type=\"column\" data-e-type=\"column\">\n\t\t\t<div class=\"elementor-widget-wrap elementor-element-populated\">\n\t\t\t\t\t\t<div class=\"elementor-element elementor-element-2317919 elementor-widget elementor-widget-image\" data-id=\"2317919\" data-element_type=\"widget\" data-e-type=\"widget\" data-widget_type=\"image.default\">\n\t\t\t\t\t\t\t\t\t\t\t\t\t\t\t<img fetchpriority=\"high\" decoding=\"async\" width=\"1000\" height=\"1333\" src=\"data:image\/svg+xml;charset=utf-8,%3Csvg xmlns%3D'http%3A%2F%2Fwww.w3.org%2F2000%2Fsvg' viewBox%3D'0 0 1000 1333'%2F%3E\" data-src=\"https:\/\/www.jbphobbyhorsing.com\/wp-content\/uploads\/2025\/07\/IMG_6036-scaled-e1754338718616.webp\" class=\"lazy-load attachment-full size-full wp-image-49394\" alt=\"\" \/>\t\t\t\t\t\t\t\t\t\t\t\t\t\t\t<\/div>\n\t\t\t\t\t<\/div>\n\t\t<\/div>\n\t\t\t\t\t<\/div>\n\t\t<\/section>\n\t\t\t\t<section class=\"elementor-section elementor-top-section elementor-element elementor-element-7f6bb90 elementor-reverse-tablet elementor-reverse-mobile elementor-section-boxed elementor-section-height-default elementor-section-height-default\" data-id=\"7f6bb90\" data-element_type=\"section\" data-e-type=\"section\">\n\t\t\t\t\t\t<div class=\"elementor-container elementor-column-gap-wide\">\n\t\t\t\t\t<div class=\"elementor-column elementor-col-100 elementor-top-column elementor-element elementor-element-77c0991\" data-id=\"77c0991\" data-element_type=\"column\" data-e-type=\"column\">\n\t\t\t<div class=\"elementor-widget-wrap elementor-element-populated\">\n\t\t\t\t\t\t<div class=\"elementor-element elementor-element-6fd4ef0 elementor-widget elementor-widget-text-editor\" data-id=\"6fd4ef0\" data-element_type=\"widget\" data-e-type=\"widget\" data-widget_type=\"text-editor.default\">\n\t\t\t\t\t\t\t\t\t<p class=\"ng-star-inserted\"><span style=\"background-color: rgba(255, 255, 255, 0); word-spacing: normal;\">Quand j&rsquo;ai lanc\u00e9 JBP Hobbyhorsing en 2019, ce n&rsquo;\u00e9tait qu&rsquo;un petit hobby. Croyez-le ou non, je n&rsquo;avais m\u00eame jamais utilis\u00e9 d&rsquo;aiguille et de fil auparavant ! Mais une \u00e9tincelle s&rsquo;est allum\u00e9e, et j&rsquo;\u00e9tais d\u00e9termin\u00e9e \u00e0 donner vie \u00e0 mes id\u00e9es. Pour transformer cette passion grandissante en un v\u00e9ritable m\u00e9tier, je me suis inscrite \u00e0 la meilleure \u00e9cole professionnelle des Pays-Bas pour les talents cr\u00e9atifs en 2021. Apr\u00e8s quatre ann\u00e9es consacr\u00e9es \u00e0 l&rsquo;apprentissage de l&rsquo;art de l&rsquo;entrepreneuriat et de l&rsquo;artisanat, j&rsquo;ai obtenu mon dipl\u00f4me en 2025, pr\u00eate \u00e0 faire de mon r\u00eave une r\u00e9alit\u00e9.    <\/span><\/p><p class=\"ng-star-inserted\"><span class=\"ng-star-inserted\">Aujourd&rsquo;hui, je suis incroyablement fi\u00e8re de dire que j&rsquo;ai transform\u00e9 mon hobby en entreprise. De mon petit atelier aux Pays-Bas, les hobbyhorses JBP voyagent d\u00e9sormais dans le monde entier pour trouver leurs nouveaux foyers. <\/span><\/p>\t\t\t\t\t\t\t\t<\/div>\n\t\t\t\t<div class=\"elementor-element elementor-element-8d00ae7 elementor-widget elementor-widget-spacer\" data-id=\"8d00ae7\" data-element_type=\"widget\" data-e-type=\"widget\" data-widget_type=\"spacer.default\">\n\t\t\t\t\t\t\t<div class=\"elementor-spacer\">\n\t\t\t<div class=\"elementor-spacer-inner\"><\/div>\n\t\t<\/div>\n\t\t\t\t\t\t<\/div>\n\t\t\t\t<div class=\"elementor-element elementor-element-e8e8801 elementor-widget elementor-widget-heading\" data-id=\"e8e8801\" data-element_type=\"widget\" data-e-type=\"widget\" data-widget_type=\"heading.default\">\n\t\t\t\t\t<h5 class=\"elementor-heading-title elementor-size-default\">Plus qu'un jouet, c'est une \u0153uvre d'art<\/h5>\t\t\t\t<\/div>\n\t\t\t\t<div class=\"elementor-element elementor-element-dceaf57 elementor-widget elementor-widget-spacer\" data-id=\"dceaf57\" data-element_type=\"widget\" data-e-type=\"widget\" data-widget_type=\"spacer.default\">\n\t\t\t\t\t\t\t<div class=\"elementor-spacer\">\n\t\t\t<div class=\"elementor-spacer-inner\"><\/div>\n\t\t<\/div>\n\t\t\t\t\t\t<\/div>\n\t\t\t\t<div class=\"elementor-element elementor-element-3803bc1 elementor-widget elementor-widget-text-editor\" data-id=\"3803bc1\" data-element_type=\"widget\" data-e-type=\"widget\" data-widget_type=\"text-editor.default\">\n\t\t\t\t\t\t\t\t\t<p class=\"ng-star-inserted\"><span class=\"ng-star-inserted\">Le hobbyhorsing est un sport r\u00e9el et merveilleux qui a vu le jour en Finlande, et il a conquis le c\u0153ur des enfants et des jeunes adultes du monde entier. Je crois qu&rsquo;un vrai hobbyhorse est bien plus qu&rsquo;un simple cheval sur b\u00e2ton ; c&rsquo;est une \u0153uvre d&rsquo;art unique. D&rsquo;innombrables heures, beaucoup d&rsquo;amour et tout mon esprit cr\u00e9atif sont investis dans chacun d&rsquo;eux.  <\/span><\/p>\t\t\t\t\t\t\t\t<\/div>\n\t\t\t\t<div class=\"elementor-element elementor-element-f614f22 elementor-widget elementor-widget-spacer\" data-id=\"f614f22\" data-element_type=\"widget\" data-e-type=\"widget\" data-widget_type=\"spacer.default\">\n\t\t\t\t\t\t\t<div class=\"elementor-spacer\">\n\t\t\t<div class=\"elementor-spacer-inner\"><\/div>\n\t\t<\/div>\n\t\t\t\t\t\t<\/div>\n\t\t\t\t<div class=\"elementor-element elementor-element-2a04afc elementor-widget elementor-widget-heading\" data-id=\"2a04afc\" data-element_type=\"widget\" data-e-type=\"widget\" data-widget_type=\"heading.default\">\n\t\t\t\t\t<h5 class=\"elementor-heading-title elementor-size-default\">Ma promesse : qualit\u00e9 et unicit\u00e9\n<\/h5>\t\t\t\t<\/div>\n\t\t\t\t<div class=\"elementor-element elementor-element-c4ef123 elementor-widget elementor-widget-spacer\" data-id=\"c4ef123\" data-element_type=\"widget\" data-e-type=\"widget\" data-widget_type=\"spacer.default\">\n\t\t\t\t\t\t\t<div class=\"elementor-spacer\">\n\t\t\t<div class=\"elementor-spacer-inner\"><\/div>\n\t\t<\/div>\n\t\t\t\t\t\t<\/div>\n\t\t\t\t<div class=\"elementor-element elementor-element-bd3720a elementor-widget elementor-widget-text-editor\" data-id=\"bd3720a\" data-element_type=\"widget\" data-e-type=\"widget\" data-widget_type=\"text-editor.default\">\n\t\t\t\t\t\t\t\t\t<p class=\"ng-star-inserted\"><span class=\"ng-star-inserted\">Chaque hobbyhorse et accessoire JBP est unique et fait \u00e0 la main par mes soins. Je crois en une qualit\u00e9 qui dure, c&rsquo;est pourquoi je s\u00e9lectionne personnellement les meilleurs mat\u00e9riaux disponibles. Du tissu velboa de haute qualit\u00e9 aux cuirs durables en passant par les fils G\u00fctermann de qualit\u00e9 sup\u00e9rieure. Chaque point est fait avec soin et un souci du d\u00e9tail, garantissant que votre nouveau compagnon est non seulement magnifique, mais aussi pr\u00eat pour toutes vos aventures.  <\/span><\/p>\n<p class=\"ng-star-inserted\"><span class=\"ng-star-inserted\">Merci d&rsquo;\u00eatre ici et de partager ce voyage incroyable avec moi. J&rsquo;ai h\u00e2te de cr\u00e9er quelque chose de sp\u00e9cial pour vous !<\/span><\/p>\n<p class=\"ng-star-inserted\"><strong><span class=\"ng-star-inserted\">\u2014 Jara<\/span><\/strong><\/p>\t\t\t\t\t\t\t\t<\/div>\n\t\t\t\t<div class=\"elementor-element elementor-element-1a89b4c elementor-widget elementor-widget-template\" data-id=\"1a89b4c\" data-element_type=\"widget\" data-e-type=\"widget\" data-widget_type=\"template.default\">\n\t\t\t\t<div class=\"elementor-widget-container\">\n\t\t\t\t\t\t\t<div class=\"elementor-template\">\n\t\t\t\t\t<div data-elementor-type=\"section\" data-elementor-id=\"48917\" class=\"elementor elementor-48917 elementor-36896 elementor-36896\" data-elementor-post-type=\"elementor_library\">\n\t\t\t\t\t<section class=\"elementor-section elementor-top-section elementor-element elementor-element-63965c5f elementor-section-full_width elementor-section-height-default elementor-section-height-default\" data-id=\"63965c5f\" data-element_type=\"section\" data-e-type=\"section\">\n\t\t\t\t\t\t<div class=\"elementor-container elementor-column-gap-no\">\n\t\t\t\t\t<div class=\"elementor-column elementor-col-100 elementor-top-column elementor-element elementor-element-3cb9c4a0\" data-id=\"3cb9c4a0\" data-element_type=\"column\" data-e-type=\"column\">\n\t\t\t<div class=\"elementor-widget-wrap elementor-element-populated\">\n\t\t\t\t\t\t<div class=\"elementor-element elementor-element-1e2d0305 elementor-widget-divider--view-line elementor-widget elementor-widget-divider\" data-id=\"1e2d0305\" data-element_type=\"widget\" data-e-type=\"widget\" data-widget_type=\"divider.default\">\n\t\t\t\t\t\t\t<div class=\"elementor-divider\">\n\t\t\t<span class=\"elementor-divider-separator\">\n\t\t\t\t\t\t<\/span>\n\t\t<\/div>\n\t\t\t\t\t\t<\/div>\n\t\t\t\t\t<\/div>\n\t\t<\/div>\n\t\t\t\t\t<\/div>\n\t\t<\/section>\n\t\t\t\t<\/div>\n\t\t\t\t<\/div>\n\t\t\t\t\t\t<\/div>\n\t\t\t\t<\/div>\n\t\t\t\t\t<\/div>\n\t\t<\/div>\n\t\t\t\t\t<\/div>\n\t\t<\/section>\n\t\t\t\t<\/div>\n\t\t","protected":false},"excerpt":{"rendered":"<p>Fabriqu\u00e9 \u00e0 la main avec amour &#8211; l&rsquo;histoire de JBP hobbyhorsing Bienvenue ! Je suis Jara, la fondatrice et cr\u00e9atrice de JBP Hobbyhorsing. Mon univers a toujours tourn\u00e9 autour de deux grandes passions : la beaut\u00e9 intemporelle des chevaux et la joie de cr\u00e9er des choses de mes propres mains. Quand j&rsquo;ai lanc\u00e9 JBP Hobbyhorsing&hellip;<\/p>\n","protected":false},"author":1,"featured_media":0,"parent":0,"menu_order":50,"comment_status":"closed","ping_status":"closed","template":"","meta":{"footnotes":""},"class_list":["post-48673","page","type-page","status-publish","hentry"],"_links":{"self":[{"href":"https:\/\/www.jbphobbyhorsing.com\/fr\/wp-json\/wp\/v2\/pages\/48673","targetHints":{"allow":["GET"]}}],"collection":[{"href":"https:\/\/www.jbphobbyhorsing.com\/fr\/wp-json\/wp\/v2\/pages"}],"about":[{"href":"https:\/\/www.jbphobbyhorsing.com\/fr\/wp-json\/wp\/v2\/types\/page"}],"author":[{"embeddable":true,"href":"https:\/\/www.jbphobbyhorsing.com\/fr\/wp-json\/wp\/v2\/users\/1"}],"replies":[{"embeddable":true,"href":"https:\/\/www.jbphobbyhorsing.com\/fr\/wp-json\/wp\/v2\/comments?post=48673"}],"version-history":[{"count":2,"href":"https:\/\/www.jbphobbyhorsing.com\/fr\/wp-json\/wp\/v2\/pages\/48673\/revisions"}],"predecessor-version":[{"id":49395,"href":"https:\/\/www.jbphobbyhorsing.com\/fr\/wp-json\/wp\/v2\/pages\/48673\/revisions\/49395"}],"wp:attachment":[{"href":"https:\/\/www.jbphobbyhorsing.com\/fr\/wp-json\/wp\/v2\/media?parent=48673"}],"curies":[{"name":"wp","href":"https:\/\/api.w.org\/{rel}","templated":true}]}}