{"id":48811,"date":"2025-09-02T17:59:06","date_gmt":"2025-09-02T17:59:06","guid":{"rendered":"https:\/\/www.jbphobbyhorsing.com\/product\/licols-a-mors-differentes-couleurs\/"},"modified":"2026-04-04T16:30:40","modified_gmt":"2026-04-04T16:30:40","slug":"licols-a-mors-differentes-couleurs","status":"publish","type":"product","link":"https:\/\/www.jbphobbyhorsing.com\/fr\/produit\/licols-a-mors-differentes-couleurs\/","title":{"rendered":"Licols \u00e0 mors &#8211; diff\u00e9rentes couleurs"},"content":{"rendered":"<p>Pour emmener ton cheval de bois avec toi, ou pour le mettre \u00e0 l&rsquo;\u00e9curie, tu peux utiliser un licol. Ces licols sont color\u00e9s avec une couche de fourrure et un petit mors pour la d\u00e9coration. Les licols Jbp sont enti\u00e8rement r\u00e9glables, ce qui les rend parfaits pour ton cheval de bois Jbp, mais aussi pour d&rsquo;autres chevaux de bois (marques).  <\/p>\n","protected":false},"excerpt":{"rendered":"<p>Licol de luxe avec une couche de fourrure. Disponible en diff\u00e9rentes couleurs. <\/p>\n","protected":false},"featured_media":49234,"comment_status":"closed","ping_status":"closed","template":"","meta":[],"product_brand":[],"product_cat":[281],"product_tag":[],"class_list":{"0":"post-48811","1":"product","2":"type-product","3":"status-publish","4":"has-post-thumbnail","6":"product_cat-licols-et-longes","7":"description-off","9":"first","10":"instock","11":"taxable","12":"shipping-taxable","13":"purchasable","14":"product-type-variable"},"_links":{"self":[{"href":"https:\/\/www.jbphobbyhorsing.com\/fr\/wp-json\/wp\/v2\/product\/48811","targetHints":{"allow":["GET"]}}],"collection":[{"href":"https:\/\/www.jbphobbyhorsing.com\/fr\/wp-json\/wp\/v2\/product"}],"about":[{"href":"https:\/\/www.jbphobbyhorsing.com\/fr\/wp-json\/wp\/v2\/types\/product"}],"replies":[{"embeddable":true,"href":"https:\/\/www.jbphobbyhorsing.com\/fr\/wp-json\/wp\/v2\/comments?post=48811"}],"version-history":[{"count":1,"href":"https:\/\/www.jbphobbyhorsing.com\/fr\/wp-json\/wp\/v2\/product\/48811\/revisions"}],"predecessor-version":[{"id":49289,"href":"https:\/\/www.jbphobbyhorsing.com\/fr\/wp-json\/wp\/v2\/product\/48811\/revisions\/49289"}],"wp:featuredmedia":[{"embeddable":true,"href":"https:\/\/www.jbphobbyhorsing.com\/fr\/wp-json\/wp\/v2\/media\/49234"}],"wp:attachment":[{"href":"https:\/\/www.jbphobbyhorsing.com\/fr\/wp-json\/wp\/v2\/media?parent=48811"}],"wp:term":[{"taxonomy":"product_brand","embeddable":true,"href":"https:\/\/www.jbphobbyhorsing.com\/fr\/wp-json\/wp\/v2\/product_brand?post=48811"},{"taxonomy":"product_cat","embeddable":true,"href":"https:\/\/www.jbphobbyhorsing.com\/fr\/wp-json\/wp\/v2\/product_cat?post=48811"},{"taxonomy":"product_tag","embeddable":true,"href":"https:\/\/www.jbphobbyhorsing.com\/fr\/wp-json\/wp\/v2\/product_tag?post=48811"}],"curies":[{"name":"wp","href":"https:\/\/api.w.org\/{rel}","templated":true}]}}