{"id":48821,"date":"2025-09-04T16:30:22","date_gmt":"2025-09-04T16:30:22","guid":{"rendered":"https:\/\/www.jbphobbyhorsing.com\/product\/licols-a-perles-differentes-couleurs\/"},"modified":"2025-09-09T12:02:15","modified_gmt":"2025-09-09T12:02:15","slug":"licols-a-perles-differentes-couleurs","status":"publish","type":"product","link":"https:\/\/www.jbphobbyhorsing.com\/fr\/produit\/licols-a-perles-differentes-couleurs\/","title":{"rendered":"Licols \u00e0 perles &#8211; diff\u00e9rentes couleurs"},"content":{"rendered":"<p>Pour emmener ton hobbyhorse avec toi, ou pour le mettre \u00e0 l&rsquo;\u00e9curie, tu peux utiliser un licol. Ces licols sont color\u00e9s avec une couche de fourrure et des perles de verre pour la d\u00e9coration. Les licols Jbp sont enti\u00e8rement r\u00e9glables, ce qui les rend parfaits pour ton hobbyhorse Jbp, mais aussi pour d&rsquo;autres hobbyhorses (marques).  <\/p>\n","protected":false},"excerpt":{"rendered":"<p>Licol color\u00e9 avec une couche de fourrure. Disponible en diff\u00e9rentes couleurs. <\/p>\n","protected":false},"featured_media":49232,"comment_status":"closed","ping_status":"closed","template":"","meta":[],"product_brand":[],"product_cat":[281],"product_tag":[],"class_list":{"0":"post-48821","1":"product","2":"type-product","3":"status-publish","4":"has-post-thumbnail","6":"product_cat-licols-et-longes","7":"description-off","9":"first","10":"instock","11":"sale","12":"taxable","13":"shipping-taxable","14":"purchasable","15":"product-type-variable"},"_links":{"self":[{"href":"https:\/\/www.jbphobbyhorsing.com\/fr\/wp-json\/wp\/v2\/product\/48821","targetHints":{"allow":["GET"]}}],"collection":[{"href":"https:\/\/www.jbphobbyhorsing.com\/fr\/wp-json\/wp\/v2\/product"}],"about":[{"href":"https:\/\/www.jbphobbyhorsing.com\/fr\/wp-json\/wp\/v2\/types\/product"}],"replies":[{"embeddable":true,"href":"https:\/\/www.jbphobbyhorsing.com\/fr\/wp-json\/wp\/v2\/comments?post=48821"}],"version-history":[{"count":1,"href":"https:\/\/www.jbphobbyhorsing.com\/fr\/wp-json\/wp\/v2\/product\/48821\/revisions"}],"predecessor-version":[{"id":49295,"href":"https:\/\/www.jbphobbyhorsing.com\/fr\/wp-json\/wp\/v2\/product\/48821\/revisions\/49295"}],"wp:featuredmedia":[{"embeddable":true,"href":"https:\/\/www.jbphobbyhorsing.com\/fr\/wp-json\/wp\/v2\/media\/49232"}],"wp:attachment":[{"href":"https:\/\/www.jbphobbyhorsing.com\/fr\/wp-json\/wp\/v2\/media?parent=48821"}],"wp:term":[{"taxonomy":"product_brand","embeddable":true,"href":"https:\/\/www.jbphobbyhorsing.com\/fr\/wp-json\/wp\/v2\/product_brand?post=48821"},{"taxonomy":"product_cat","embeddable":true,"href":"https:\/\/www.jbphobbyhorsing.com\/fr\/wp-json\/wp\/v2\/product_cat?post=48821"},{"taxonomy":"product_tag","embeddable":true,"href":"https:\/\/www.jbphobbyhorsing.com\/fr\/wp-json\/wp\/v2\/product_tag?post=48821"}],"curies":[{"name":"wp","href":"https:\/\/api.w.org\/{rel}","templated":true}]}}