{"id":48822,"date":"2025-09-02T17:13:27","date_gmt":"2025-09-02T17:13:27","guid":{"rendered":"https:\/\/www.jbphobbyhorsing.com\/product\/cheval-de-bois-cheval-de-sport-alezan\/"},"modified":"2025-09-09T12:02:18","modified_gmt":"2025-09-09T12:02:18","slug":"cheval-de-bois-cheval-de-sport-alezan","status":"publish","type":"product","link":"https:\/\/www.jbphobbyhorsing.com\/fr\/produit\/cheval-de-bois-cheval-de-sport-alezan\/","title":{"rendered":"Cheval de bois &#8211; Cheval de sport alezan"},"content":{"rendered":"<p>Les chevaux de bois Jbp sont tous uniques, faits \u00e0 la main et surtout de tr\u00e8s haute qualit\u00e9. J&rsquo;utilise uniquement les meilleurs mat\u00e9riaux&nbsp;: fils \u00e0 coudre G\u00fctermann, tissu velboa de haute qualit\u00e9 et fils Annell. Tous les chevaux de bois sont fermement rembourr\u00e9s et sont livr\u00e9s avec un b\u00e2ton s\u00e9curis\u00e9. Les chevaux de bois sont exp\u00e9di\u00e9s dans une bo\u00eete recycl\u00e9e, enti\u00e8rement envelopp\u00e9s dans une couche protectrice.   <\/p>\n","protected":false},"excerpt":{"rendered":"<p>Cheval de bois alezan sportif. Un super cheval pour chaque comp\u00e9tition, ton num\u00e9ro un en saut d&rsquo;obstacles et dressage. <\/p>\n","protected":false},"featured_media":49260,"comment_status":"closed","ping_status":"closed","template":"","meta":[],"product_brand":[],"product_cat":[283],"product_tag":[],"class_list":{"0":"post-48822","1":"product","2":"type-product","3":"status-publish","4":"has-post-thumbnail","6":"product_cat-chevaux-batons","7":"description-off","9":"first","10":"outofstock","11":"sale","12":"taxable","13":"shipping-taxable","14":"purchasable","15":"product-type-simple"},"_links":{"self":[{"href":"https:\/\/www.jbphobbyhorsing.com\/fr\/wp-json\/wp\/v2\/product\/48822","targetHints":{"allow":["GET"]}}],"collection":[{"href":"https:\/\/www.jbphobbyhorsing.com\/fr\/wp-json\/wp\/v2\/product"}],"about":[{"href":"https:\/\/www.jbphobbyhorsing.com\/fr\/wp-json\/wp\/v2\/types\/product"}],"replies":[{"embeddable":true,"href":"https:\/\/www.jbphobbyhorsing.com\/fr\/wp-json\/wp\/v2\/comments?post=48822"}],"version-history":[{"count":1,"href":"https:\/\/www.jbphobbyhorsing.com\/fr\/wp-json\/wp\/v2\/product\/48822\/revisions"}],"predecessor-version":[{"id":49306,"href":"https:\/\/www.jbphobbyhorsing.com\/fr\/wp-json\/wp\/v2\/product\/48822\/revisions\/49306"}],"wp:featuredmedia":[{"embeddable":true,"href":"https:\/\/www.jbphobbyhorsing.com\/fr\/wp-json\/wp\/v2\/media\/49260"}],"wp:attachment":[{"href":"https:\/\/www.jbphobbyhorsing.com\/fr\/wp-json\/wp\/v2\/media?parent=48822"}],"wp:term":[{"taxonomy":"product_brand","embeddable":true,"href":"https:\/\/www.jbphobbyhorsing.com\/fr\/wp-json\/wp\/v2\/product_brand?post=48822"},{"taxonomy":"product_cat","embeddable":true,"href":"https:\/\/www.jbphobbyhorsing.com\/fr\/wp-json\/wp\/v2\/product_cat?post=48822"},{"taxonomy":"product_tag","embeddable":true,"href":"https:\/\/www.jbphobbyhorsing.com\/fr\/wp-json\/wp\/v2\/product_tag?post=48822"}],"curies":[{"name":"wp","href":"https:\/\/api.w.org\/{rel}","templated":true}]}}