{"id":48832,"date":"2025-09-02T15:41:38","date_gmt":"2025-09-02T15:41:38","guid":{"rendered":"https:\/\/www.jbphobbyhorsing.com\/product\/breloques-de-sac-differentes-couleurs\/"},"modified":"2025-09-10T08:54:34","modified_gmt":"2025-09-10T08:54:34","slug":"breloques-de-sac-differentes-couleurs","status":"publish","type":"product","link":"https:\/\/www.jbphobbyhorsing.com\/fr\/produit\/breloques-de-sac-differentes-couleurs\/","title":{"rendered":"Breloques de sac &#8211; diff\u00e9rentes couleurs"},"content":{"rendered":"<p>Breloques de sac\/porte-cl\u00e9s Jbp, disponibles en diff\u00e9rentes couleurs. Pour tous les amoureux de chevaux ou simplement ceux qui aiment la mode ! Enti\u00e8rement fait \u00e0 la main, avec beaucoup d&rsquo;amour.  <\/p>\n","protected":false},"excerpt":{"rendered":"<p>Breloques de sac\/porte-cl\u00e9s, disponibles en diff\u00e9rentes combinaisons de couleurs.<\/p>\n","protected":false},"featured_media":49349,"comment_status":"closed","ping_status":"closed","template":"","meta":[],"product_brand":[],"product_cat":[284],"product_tag":[],"class_list":{"0":"post-48832","1":"product","2":"type-product","3":"status-publish","4":"has-post-thumbnail","6":"product_cat-autre","7":"description-off","9":"first","10":"instock","11":"taxable","12":"shipping-taxable","13":"purchasable","14":"product-type-variable"},"_links":{"self":[{"href":"https:\/\/www.jbphobbyhorsing.com\/fr\/wp-json\/wp\/v2\/product\/48832","targetHints":{"allow":["GET"]}}],"collection":[{"href":"https:\/\/www.jbphobbyhorsing.com\/fr\/wp-json\/wp\/v2\/product"}],"about":[{"href":"https:\/\/www.jbphobbyhorsing.com\/fr\/wp-json\/wp\/v2\/types\/product"}],"replies":[{"embeddable":true,"href":"https:\/\/www.jbphobbyhorsing.com\/fr\/wp-json\/wp\/v2\/comments?post=48832"}],"version-history":[{"count":1,"href":"https:\/\/www.jbphobbyhorsing.com\/fr\/wp-json\/wp\/v2\/product\/48832\/revisions"}],"predecessor-version":[{"id":49351,"href":"https:\/\/www.jbphobbyhorsing.com\/fr\/wp-json\/wp\/v2\/product\/48832\/revisions\/49351"}],"wp:featuredmedia":[{"embeddable":true,"href":"https:\/\/www.jbphobbyhorsing.com\/fr\/wp-json\/wp\/v2\/media\/49349"}],"wp:attachment":[{"href":"https:\/\/www.jbphobbyhorsing.com\/fr\/wp-json\/wp\/v2\/media?parent=48832"}],"wp:term":[{"taxonomy":"product_brand","embeddable":true,"href":"https:\/\/www.jbphobbyhorsing.com\/fr\/wp-json\/wp\/v2\/product_brand?post=48832"},{"taxonomy":"product_cat","embeddable":true,"href":"https:\/\/www.jbphobbyhorsing.com\/fr\/wp-json\/wp\/v2\/product_cat?post=48832"},{"taxonomy":"product_tag","embeddable":true,"href":"https:\/\/www.jbphobbyhorsing.com\/fr\/wp-json\/wp\/v2\/product_tag?post=48832"}],"curies":[{"name":"wp","href":"https:\/\/api.w.org\/{rel}","templated":true}]}}