{"id":49040,"date":"2025-09-04T16:40:11","date_gmt":"2025-09-04T16:40:11","guid":{"rendered":"https:\/\/www.jbphobbyhorsing.com\/product\/licols-en-cuir-differentes-couleurs\/"},"modified":"2025-11-06T19:22:40","modified_gmt":"2025-11-06T19:22:40","slug":"licols-en-cuir-differentes-couleurs","status":"publish","type":"product","link":"https:\/\/www.jbphobbyhorsing.com\/fr\/produit\/licols-en-cuir-differentes-couleurs\/","title":{"rendered":"Licols en cuir &#8211; diff\u00e9rentes couleurs"},"content":{"rendered":"<p>Pour emmener ton hobbyhorse avec toi, ou pour le mettre \u00e0 l&rsquo;\u00e9curie, tu peux utiliser un licol. Ces licols de luxe en cuir avec une touche de couleur te feront briller, toi et ton hobbyhorse ! Les licols Jbp sont enti\u00e8rement r\u00e9glables, ce qui les rend parfaits pour ton hobbyhorse Jbp, mais aussi pour d&rsquo;autres hobbyhorses (toutes marques).<\/p>\n","protected":false},"excerpt":{"rendered":"<p>Licol de luxe en cuir avec une touche de couleur. Disponible en diff\u00e9rentes couleurs. <\/p>\n","protected":false},"featured_media":49230,"comment_status":"closed","ping_status":"closed","template":"","meta":[],"product_brand":[],"product_cat":[281],"product_tag":[],"class_list":{"0":"post-49040","1":"product","2":"type-product","3":"status-publish","4":"has-post-thumbnail","6":"product_cat-licols-et-longes","7":"description-off","9":"first","10":"instock","11":"sale","12":"taxable","13":"shipping-taxable","14":"purchasable","15":"product-type-variable"},"_links":{"self":[{"href":"https:\/\/www.jbphobbyhorsing.com\/fr\/wp-json\/wp\/v2\/product\/49040","targetHints":{"allow":["GET"]}}],"collection":[{"href":"https:\/\/www.jbphobbyhorsing.com\/fr\/wp-json\/wp\/v2\/product"}],"about":[{"href":"https:\/\/www.jbphobbyhorsing.com\/fr\/wp-json\/wp\/v2\/types\/product"}],"replies":[{"embeddable":true,"href":"https:\/\/www.jbphobbyhorsing.com\/fr\/wp-json\/wp\/v2\/comments?post=49040"}],"version-history":[{"count":1,"href":"https:\/\/www.jbphobbyhorsing.com\/fr\/wp-json\/wp\/v2\/product\/49040\/revisions"}],"predecessor-version":[{"id":49302,"href":"https:\/\/www.jbphobbyhorsing.com\/fr\/wp-json\/wp\/v2\/product\/49040\/revisions\/49302"}],"wp:featuredmedia":[{"embeddable":true,"href":"https:\/\/www.jbphobbyhorsing.com\/fr\/wp-json\/wp\/v2\/media\/49230"}],"wp:attachment":[{"href":"https:\/\/www.jbphobbyhorsing.com\/fr\/wp-json\/wp\/v2\/media?parent=49040"}],"wp:term":[{"taxonomy":"product_brand","embeddable":true,"href":"https:\/\/www.jbphobbyhorsing.com\/fr\/wp-json\/wp\/v2\/product_brand?post=49040"},{"taxonomy":"product_cat","embeddable":true,"href":"https:\/\/www.jbphobbyhorsing.com\/fr\/wp-json\/wp\/v2\/product_cat?post=49040"},{"taxonomy":"product_tag","embeddable":true,"href":"https:\/\/www.jbphobbyhorsing.com\/fr\/wp-json\/wp\/v2\/product_tag?post=49040"}],"curies":[{"name":"wp","href":"https:\/\/api.w.org\/{rel}","templated":true}]}}