{"id":49162,"date":"2025-09-02T15:57:33","date_gmt":"2025-09-02T15:57:33","guid":{"rendered":"https:\/\/www.jbphobbyhorsing.com\/product\/frontaux-a-diamants-differentes-couleurs\/"},"modified":"2025-12-11T20:10:49","modified_gmt":"2025-12-11T20:10:49","slug":"frontaux-a-diamants-differentes-couleurs","status":"publish","type":"product","link":"https:\/\/www.jbphobbyhorsing.com\/fr\/produit\/frontaux-a-diamants-differentes-couleurs\/","title":{"rendered":"Frontaux \u00e0 diamants &#8211; diff\u00e9rentes couleurs"},"content":{"rendered":"<p>Les brides Jbp peuvent \u00eatre enti\u00e8rement d\u00e9mont\u00e9es. Cela rend le frontal interchangeable. Tu veux du vert aujourd\u2019hui et du rose demain ? Alors tu es au bon endroit.   <\/p>\n","protected":false},"excerpt":{"rendered":"<p>Assortis chaque tenue avec ces frontaux de luxe \u00e0 diamants !<\/p>\n","protected":false},"featured_media":49710,"comment_status":"closed","ping_status":"closed","template":"","meta":[],"product_brand":[],"product_cat":[292],"product_tag":[],"class_list":{"0":"post-49162","1":"product","2":"type-product","3":"status-publish","4":"has-post-thumbnail","6":"product_cat-frontaux","7":"description-off","9":"first","10":"instock","11":"taxable","12":"shipping-taxable","13":"purchasable","14":"product-type-variable"},"_links":{"self":[{"href":"https:\/\/www.jbphobbyhorsing.com\/fr\/wp-json\/wp\/v2\/product\/49162","targetHints":{"allow":["GET"]}}],"collection":[{"href":"https:\/\/www.jbphobbyhorsing.com\/fr\/wp-json\/wp\/v2\/product"}],"about":[{"href":"https:\/\/www.jbphobbyhorsing.com\/fr\/wp-json\/wp\/v2\/types\/product"}],"replies":[{"embeddable":true,"href":"https:\/\/www.jbphobbyhorsing.com\/fr\/wp-json\/wp\/v2\/comments?post=49162"}],"version-history":[{"count":1,"href":"https:\/\/www.jbphobbyhorsing.com\/fr\/wp-json\/wp\/v2\/product\/49162\/revisions"}],"predecessor-version":[{"id":49713,"href":"https:\/\/www.jbphobbyhorsing.com\/fr\/wp-json\/wp\/v2\/product\/49162\/revisions\/49713"}],"wp:featuredmedia":[{"embeddable":true,"href":"https:\/\/www.jbphobbyhorsing.com\/fr\/wp-json\/wp\/v2\/media\/49710"}],"wp:attachment":[{"href":"https:\/\/www.jbphobbyhorsing.com\/fr\/wp-json\/wp\/v2\/media?parent=49162"}],"wp:term":[{"taxonomy":"product_brand","embeddable":true,"href":"https:\/\/www.jbphobbyhorsing.com\/fr\/wp-json\/wp\/v2\/product_brand?post=49162"},{"taxonomy":"product_cat","embeddable":true,"href":"https:\/\/www.jbphobbyhorsing.com\/fr\/wp-json\/wp\/v2\/product_cat?post=49162"},{"taxonomy":"product_tag","embeddable":true,"href":"https:\/\/www.jbphobbyhorsing.com\/fr\/wp-json\/wp\/v2\/product_tag?post=49162"}],"curies":[{"name":"wp","href":"https:\/\/api.w.org\/{rel}","templated":true}]}}