{"id":49166,"date":"2025-09-02T13:07:18","date_gmt":"2025-09-02T13:07:18","guid":{"rendered":"https:\/\/www.jbphobbyhorsing.com\/product\/couverture-bleu-cool\/"},"modified":"2025-09-13T12:37:45","modified_gmt":"2025-09-13T12:37:45","slug":"couverture-bleu-cool","status":"publish","type":"product","link":"https:\/\/www.jbphobbyhorsing.com\/fr\/produit\/couverture-bleu-cool\/","title":{"rendered":"Couverture \u2013 bleu cool"},"content":{"rendered":"<section class=\"elementor-section elementor-top-section elementor-element elementor-element-2379bbf elementor-section-boxed elementor-section-height-default elementor-section-height-default\" data-id=\"2379bbf\" data-element_type=\"section\">\n<div class=\"elementor-container elementor-column-gap-wide\">\n<div class=\"elementor-column elementor-col-100 elementor-top-column elementor-element elementor-element-7e76e317\" data-id=\"7e76e317\" data-element_type=\"column\">\n<div class=\"elementor-widget-wrap elementor-element-populated\">\n<div class=\"elementor-element elementor-element-7ae5af6 the7-e-tabs-view-vertical elementor-widget elementor-widget-the7-tabs\" data-id=\"7ae5af6\" data-element_type=\"widget\" data-settings=\"{\"accordion_breakpoint\":\"tablet\"}\" data-widget_type=\"the7-tabs.default\">\n<div class=\"elementor-widget-container\">\n<div class=\"the7-e-tabs-wrapper\">\n<div class=\"the7-e-tabs-content\" role=\"tablist\">\n<div class=\"the7-e-tab-item-wrapper\" data-tab=\"1\">\n<div id=\"the7-e-tab-content-1281\" class=\"the7-e-tab-content active\" role=\"tabpanel\" data-tab=\"1\" aria-labelledby=\"the7-e-tab-title-1281\">\n<div class=\"elementor-template\">\n<div class=\"elementor elementor-45603 elementor-location-single post-48375 product type-product status-publish has-post-thumbnail product_cat-blankets description-off instock taxable shipping-taxable purchasable product-type-simple product\" data-elementor-type=\"product\" data-elementor-id=\"45603\" data-elementor-post-type=\"elementor_library\">\n<section class=\"elementor-section elementor-top-section elementor-element elementor-element-1305551c elementor-section-boxed elementor-section-height-default elementor-section-height-default\" data-id=\"1305551c\" data-element_type=\"section\">\n<div class=\"elementor-container elementor-column-gap-no\">\n<div class=\"elementor-column elementor-col-100 elementor-top-column elementor-element elementor-element-624e557c\" data-id=\"624e557c\" data-element_type=\"column\">\n<div class=\"elementor-widget-wrap elementor-element-populated\">\n<div class=\"elementor-element elementor-element-78a41937 elementor-widget elementor-widget-woocommerce-product-content\" data-id=\"78a41937\" data-element_type=\"widget\" data-widget_type=\"woocommerce-product-content.default\">\n<p>Un v\u00e9ritable must-have pour tous les hobbyhorses&nbsp;! Une couverture chaude et color\u00e9e pour l\u2019\u00e9curie ou les d\u00e9placements. Toutes les couvertures sont faites de molleton durable de haute qualit\u00e9. Les couvertures Jbp sont enti\u00e8rement r\u00e9glables, ce qui les rend parfaitement adapt\u00e9es \u00e0 ton hobbyhorse Jbp, mais aussi \u00e0 d\u2019autres hobbyhorses (marques).   <\/p>\n<\/div>\n<\/div>\n<\/div>\n<\/div>\n<\/section>\n<\/div>\n<\/div>\n<\/div>\n<\/div>\n<div class=\"the7-e-tab-item-wrapper\" data-tab=\"2\"><\/div>\n<div class=\"the7-e-tab-item-wrapper\" data-tab=\"3\"><\/div>\n<\/div>\n<\/div>\n<\/div>\n<\/div>\n<\/div>\n<\/div>\n<\/div>\n<\/section>\n<section class=\"elementor-section elementor-top-section elementor-element elementor-element-8a2e38a elementor-section-full_width elementor-section-height-default elementor-section-height-default\" data-id=\"8a2e38a\" data-element_type=\"section\">\n<div class=\"elementor-container elementor-column-gap-no\">\n<div class=\"elementor-column elementor-col-100 elementor-top-column elementor-element elementor-element-4aae0c6\" data-id=\"4aae0c6\" data-element_type=\"column\">\n<div class=\"elementor-widget-wrap elementor-element-populated\">\n<div class=\"elementor-element elementor-element-7274076 elementor-widget elementor-widget-template\" data-id=\"7274076\" data-element_type=\"widget\" data-widget_type=\"template.default\">\n<div class=\"elementor-widget-container\">\n<div class=\"elementor-template\">\n<div class=\"elementor elementor-36896 elementor-location-single\" data-elementor-type=\"section\" data-elementor-id=\"36896\" data-elementor-post-type=\"elementor_library\">\n<section class=\"elementor-section elementor-top-section elementor-element elementor-element-63965c5f elementor-section-full_width elementor-section-height-default elementor-section-height-default\" data-id=\"63965c5f\" data-element_type=\"section\">\n<div class=\"elementor-container elementor-column-gap-no\">\n<div class=\"elementor-column elementor-col-100 elementor-top-column elementor-element elementor-element-3cb9c4a0\" data-id=\"3cb9c4a0\" data-element_type=\"column\">\n<div class=\"elementor-widget-wrap elementor-element-populated\">\n<div class=\"elementor-element elementor-element-1e2d0305 elementor-widget-divider--view-line elementor-widget elementor-widget-divider\" data-id=\"1e2d0305\" data-element_type=\"widget\" data-widget_type=\"divider.default\">\n<div class=\"elementor-divider\"><\/div>\n<\/div>\n<\/div>\n<\/div>\n<\/div>\n<\/section>\n<\/div>\n<\/div>\n<\/div>\n<\/div>\n<\/div>\n<\/div>\n<\/div>\n<\/section>\n","protected":false},"excerpt":{"rendered":"<p>Couverture pour hobbyhorse, chaude et tendance.<\/p>\n","protected":false},"featured_media":49724,"comment_status":"closed","ping_status":"closed","template":"","meta":[],"product_brand":[],"product_cat":[286],"product_tag":[],"class_list":{"0":"post-49166","1":"product","2":"type-product","3":"status-publish","4":"has-post-thumbnail","6":"product_cat-couvertures","7":"description-off","9":"first","10":"outofstock","11":"sale","12":"taxable","13":"shipping-taxable","14":"purchasable","15":"product-type-simple"},"_links":{"self":[{"href":"https:\/\/www.jbphobbyhorsing.com\/fr\/wp-json\/wp\/v2\/product\/49166","targetHints":{"allow":["GET"]}}],"collection":[{"href":"https:\/\/www.jbphobbyhorsing.com\/fr\/wp-json\/wp\/v2\/product"}],"about":[{"href":"https:\/\/www.jbphobbyhorsing.com\/fr\/wp-json\/wp\/v2\/types\/product"}],"replies":[{"embeddable":true,"href":"https:\/\/www.jbphobbyhorsing.com\/fr\/wp-json\/wp\/v2\/comments?post=49166"}],"version-history":[{"count":1,"href":"https:\/\/www.jbphobbyhorsing.com\/fr\/wp-json\/wp\/v2\/product\/49166\/revisions"}],"predecessor-version":[{"id":49728,"href":"https:\/\/www.jbphobbyhorsing.com\/fr\/wp-json\/wp\/v2\/product\/49166\/revisions\/49728"}],"wp:featuredmedia":[{"embeddable":true,"href":"https:\/\/www.jbphobbyhorsing.com\/fr\/wp-json\/wp\/v2\/media\/49724"}],"wp:attachment":[{"href":"https:\/\/www.jbphobbyhorsing.com\/fr\/wp-json\/wp\/v2\/media?parent=49166"}],"wp:term":[{"taxonomy":"product_brand","embeddable":true,"href":"https:\/\/www.jbphobbyhorsing.com\/fr\/wp-json\/wp\/v2\/product_brand?post=49166"},{"taxonomy":"product_cat","embeddable":true,"href":"https:\/\/www.jbphobbyhorsing.com\/fr\/wp-json\/wp\/v2\/product_cat?post=49166"},{"taxonomy":"product_tag","embeddable":true,"href":"https:\/\/www.jbphobbyhorsing.com\/fr\/wp-json\/wp\/v2\/product_tag?post=49166"}],"curies":[{"name":"wp","href":"https:\/\/api.w.org\/{rel}","templated":true}]}}