{"id":49169,"date":"2025-09-02T13:20:28","date_gmt":"2025-09-02T13:20:28","guid":{"rendered":"https:\/\/www.jbphobbyhorsing.com\/product\/martingale-melange-brillant-de-luxe\/"},"modified":"2025-12-11T20:10:48","modified_gmt":"2025-12-11T20:10:48","slug":"martingale-melange-brillant-de-luxe","status":"publish","type":"product","link":"https:\/\/www.jbphobbyhorsing.com\/fr\/produit\/martingale-melange-brillant-de-luxe\/","title":{"rendered":"Martingale &#8211; m\u00e9lange brillant de luxe"},"content":{"rendered":"<p>Pour un look encore plus sportif, tu peux ajouter une p\u00e9trale ou une martingale \u00e0 ta tenue. Les p\u00e9trales Jbp sont enti\u00e8rement r\u00e9glables, ce qui les rend parfaitement adapt\u00e9es \u00e0 ton hobbyhorse Jbp, ainsi qu\u2019\u00e0 d\u2019autres hobbyhorses (marques). <\/p>\n","protected":false},"excerpt":{"rendered":"<p>Martingale 3 points, parfaite pour compl\u00e9ter ton look de saut d&rsquo;obstacles ou de concours complet.<\/p>\n","protected":false},"featured_media":49714,"comment_status":"closed","ping_status":"closed","template":"","meta":[],"product_brand":[],"product_cat":[287],"product_tag":[],"class_list":{"0":"post-49169","1":"product","2":"type-product","3":"status-publish","4":"has-post-thumbnail","6":"product_cat-petrales","7":"description-off","9":"first","10":"outofstock","11":"sale","12":"taxable","13":"shipping-taxable","14":"purchasable","15":"product-type-simple"},"_links":{"self":[{"href":"https:\/\/www.jbphobbyhorsing.com\/fr\/wp-json\/wp\/v2\/product\/49169","targetHints":{"allow":["GET"]}}],"collection":[{"href":"https:\/\/www.jbphobbyhorsing.com\/fr\/wp-json\/wp\/v2\/product"}],"about":[{"href":"https:\/\/www.jbphobbyhorsing.com\/fr\/wp-json\/wp\/v2\/types\/product"}],"replies":[{"embeddable":true,"href":"https:\/\/www.jbphobbyhorsing.com\/fr\/wp-json\/wp\/v2\/comments?post=49169"}],"version-history":[{"count":1,"href":"https:\/\/www.jbphobbyhorsing.com\/fr\/wp-json\/wp\/v2\/product\/49169\/revisions"}],"predecessor-version":[{"id":49718,"href":"https:\/\/www.jbphobbyhorsing.com\/fr\/wp-json\/wp\/v2\/product\/49169\/revisions\/49718"}],"wp:featuredmedia":[{"embeddable":true,"href":"https:\/\/www.jbphobbyhorsing.com\/fr\/wp-json\/wp\/v2\/media\/49714"}],"wp:attachment":[{"href":"https:\/\/www.jbphobbyhorsing.com\/fr\/wp-json\/wp\/v2\/media?parent=49169"}],"wp:term":[{"taxonomy":"product_brand","embeddable":true,"href":"https:\/\/www.jbphobbyhorsing.com\/fr\/wp-json\/wp\/v2\/product_brand?post=49169"},{"taxonomy":"product_cat","embeddable":true,"href":"https:\/\/www.jbphobbyhorsing.com\/fr\/wp-json\/wp\/v2\/product_cat?post=49169"},{"taxonomy":"product_tag","embeddable":true,"href":"https:\/\/www.jbphobbyhorsing.com\/fr\/wp-json\/wp\/v2\/product_tag?post=49169"}],"curies":[{"name":"wp","href":"https:\/\/api.w.org\/{rel}","templated":true}]}}