{"id":49194,"date":"2025-09-02T11:34:42","date_gmt":"2025-09-02T11:34:42","guid":{"rendered":"https:\/\/www.jbphobbyhorsing.com\/product\/bridon-bosal-rouge-fonce\/"},"modified":"2025-09-09T12:02:09","modified_gmt":"2025-09-09T12:02:09","slug":"bridon-bosal-rouge-fonce","status":"publish","type":"product","link":"https:\/\/www.jbphobbyhorsing.com\/fr\/produit\/bridon-bosal-rouge-fonce\/","title":{"rendered":"Bridon bosal &#8211; rouge fonc\u00e9"},"content":{"rendered":"<p>Les bridons Jbp sont enti\u00e8rement r\u00e9glables, ce qui les rend parfaitement adapt\u00e9s \u00e0 ton hobbyhorse Jbp, ainsi qu&rsquo;\u00e0 d&rsquo;autres hobbyhorses (marques). Il n&rsquo;est pas possible de changer les r\u00eanes sur ce type de bridon. <\/p>\n","protected":false},"excerpt":{"rendered":"<p>Bridon western sans mors.<\/p>\n<p>Parfait pour les randonn\u00e9es, l&rsquo;\u00e9quitation western ou juste pour le fun&nbsp;!<\/p>\n","protected":false},"featured_media":49250,"comment_status":"closed","ping_status":"closed","template":"","meta":[],"product_brand":[],"product_cat":[289],"product_tag":[],"class_list":{"0":"post-49194","1":"product","2":"type-product","3":"status-publish","4":"has-post-thumbnail","6":"product_cat-bridons-et-renes","7":"description-off","9":"first","10":"instock","11":"sale","12":"taxable","13":"shipping-taxable","14":"purchasable","15":"product-type-simple"},"_links":{"self":[{"href":"https:\/\/www.jbphobbyhorsing.com\/fr\/wp-json\/wp\/v2\/product\/49194","targetHints":{"allow":["GET"]}}],"collection":[{"href":"https:\/\/www.jbphobbyhorsing.com\/fr\/wp-json\/wp\/v2\/product"}],"about":[{"href":"https:\/\/www.jbphobbyhorsing.com\/fr\/wp-json\/wp\/v2\/types\/product"}],"replies":[{"embeddable":true,"href":"https:\/\/www.jbphobbyhorsing.com\/fr\/wp-json\/wp\/v2\/comments?post=49194"}],"version-history":[{"count":1,"href":"https:\/\/www.jbphobbyhorsing.com\/fr\/wp-json\/wp\/v2\/product\/49194\/revisions"}],"predecessor-version":[{"id":49267,"href":"https:\/\/www.jbphobbyhorsing.com\/fr\/wp-json\/wp\/v2\/product\/49194\/revisions\/49267"}],"wp:featuredmedia":[{"embeddable":true,"href":"https:\/\/www.jbphobbyhorsing.com\/fr\/wp-json\/wp\/v2\/media\/49250"}],"wp:attachment":[{"href":"https:\/\/www.jbphobbyhorsing.com\/fr\/wp-json\/wp\/v2\/media?parent=49194"}],"wp:term":[{"taxonomy":"product_brand","embeddable":true,"href":"https:\/\/www.jbphobbyhorsing.com\/fr\/wp-json\/wp\/v2\/product_brand?post=49194"},{"taxonomy":"product_cat","embeddable":true,"href":"https:\/\/www.jbphobbyhorsing.com\/fr\/wp-json\/wp\/v2\/product_cat?post=49194"},{"taxonomy":"product_tag","embeddable":true,"href":"https:\/\/www.jbphobbyhorsing.com\/fr\/wp-json\/wp\/v2\/product_tag?post=49194"}],"curies":[{"name":"wp","href":"https:\/\/api.w.org\/{rel}","templated":true}]}}