{"id":49788,"date":"2025-09-20T18:24:06","date_gmt":"2025-09-20T18:24:06","guid":{"rendered":"https:\/\/www.jbphobbyhorsing.com\/?post_type=product&#038;p=49788"},"modified":"2025-10-05T15:43:44","modified_gmt":"2025-10-05T15:43:44","slug":"bridon-polyvalent-beige-kopie","status":"publish","type":"product","link":"https:\/\/www.jbphobbyhorsing.com\/fr\/produit\/bridon-polyvalent-beige-kopie\/","title":{"rendered":"Bridon polyvalent &#8211; Cognac"},"content":{"rendered":"<p>Les brides Jbp sont enti\u00e8rement r\u00e9glables, ce qui les rend parfaitement adapt\u00e9es \u00e0 ton hobbyhorse Jbp, ainsi qu&rsquo;\u00e0 d&rsquo;autres hobbyhorses (marques). Les r\u00eanes sont disponibles s\u00e9par\u00e9ment, assorties en cuir, mais aussi dans diverses autres couleurs gaies. <\/p>\n","protected":false},"excerpt":{"rendered":"<p>Bridon polyvalent, parfait pour chaque exp\u00e9rience d&rsquo;\u00e9quitation.<\/p>\n","protected":false},"featured_media":49784,"comment_status":"closed","ping_status":"closed","template":"","meta":[],"product_brand":[],"product_cat":[289],"product_tag":[],"class_list":{"0":"post-49788","1":"product","2":"type-product","3":"status-publish","4":"has-post-thumbnail","6":"product_cat-bridons-et-renes","8":"first","9":"outofstock","10":"sale","11":"taxable","12":"shipping-taxable","13":"purchasable","14":"product-type-simple"},"_links":{"self":[{"href":"https:\/\/www.jbphobbyhorsing.com\/fr\/wp-json\/wp\/v2\/product\/49788","targetHints":{"allow":["GET"]}}],"collection":[{"href":"https:\/\/www.jbphobbyhorsing.com\/fr\/wp-json\/wp\/v2\/product"}],"about":[{"href":"https:\/\/www.jbphobbyhorsing.com\/fr\/wp-json\/wp\/v2\/types\/product"}],"replies":[{"embeddable":true,"href":"https:\/\/www.jbphobbyhorsing.com\/fr\/wp-json\/wp\/v2\/comments?post=49788"}],"version-history":[{"count":2,"href":"https:\/\/www.jbphobbyhorsing.com\/fr\/wp-json\/wp\/v2\/product\/49788\/revisions"}],"predecessor-version":[{"id":49794,"href":"https:\/\/www.jbphobbyhorsing.com\/fr\/wp-json\/wp\/v2\/product\/49788\/revisions\/49794"}],"wp:featuredmedia":[{"embeddable":true,"href":"https:\/\/www.jbphobbyhorsing.com\/fr\/wp-json\/wp\/v2\/media\/49784"}],"wp:attachment":[{"href":"https:\/\/www.jbphobbyhorsing.com\/fr\/wp-json\/wp\/v2\/media?parent=49788"}],"wp:term":[{"taxonomy":"product_brand","embeddable":true,"href":"https:\/\/www.jbphobbyhorsing.com\/fr\/wp-json\/wp\/v2\/product_brand?post=49788"},{"taxonomy":"product_cat","embeddable":true,"href":"https:\/\/www.jbphobbyhorsing.com\/fr\/wp-json\/wp\/v2\/product_cat?post=49788"},{"taxonomy":"product_tag","embeddable":true,"href":"https:\/\/www.jbphobbyhorsing.com\/fr\/wp-json\/wp\/v2\/product_tag?post=49788"}],"curies":[{"name":"wp","href":"https:\/\/api.w.org\/{rel}","templated":true}]}}