{"id":49891,"date":"2025-10-25T18:28:42","date_gmt":"2025-10-25T18:28:42","guid":{"rendered":"https:\/\/www.jbphobbyhorsing.com\/product\/masques-anti-mouches-differents-types\/"},"modified":"2025-10-25T18:28:59","modified_gmt":"2025-10-25T18:28:59","slug":"masques-anti-mouches-differents-types","status":"publish","type":"product","link":"https:\/\/www.jbphobbyhorsing.com\/fr\/produit\/masques-anti-mouches-differents-types\/","title":{"rendered":"Masques anti-mouches &#8211; diff\u00e9rents types"},"content":{"rendered":"<p>Ces masques anti-mouches pour cheval-b\u00e2ton sont parfaits pour s&rsquo;assortir \u00e0 n&rsquo;importe quel licol jbp. Un masque simple pour prot\u00e9ger ton cheval-b\u00e2ton des mouches ou un masque aux yeux rigolos pour effrayer les mouches ! Les masques anti-mouches jbp sont enti\u00e8rement ajustables, ce qui les rend parfaits pour ton cheval-b\u00e2ton Jbp, mais aussi pour d&rsquo;autres chevaux-b\u00e2tons (marques).  <\/p>\n","protected":false},"excerpt":{"rendered":"<p>Garde ces mouches aga\u00e7antes tr\u00e8s loin en utilisant l&rsquo;un de ces masques anti-mouches rigolos pour ton cheval-b\u00e2ton !<\/p>\n","protected":false},"featured_media":49896,"comment_status":"closed","ping_status":"closed","template":"","meta":[],"product_brand":[],"product_cat":[281],"product_tag":[],"class_list":{"0":"post-49891","1":"product","2":"type-product","3":"status-publish","4":"has-post-thumbnail","6":"product_cat-licols-et-longes","7":"description-off","9":"first","10":"instock","11":"taxable","12":"shipping-taxable","13":"purchasable","14":"product-type-variable"},"_links":{"self":[{"href":"https:\/\/www.jbphobbyhorsing.com\/fr\/wp-json\/wp\/v2\/product\/49891","targetHints":{"allow":["GET"]}}],"collection":[{"href":"https:\/\/www.jbphobbyhorsing.com\/fr\/wp-json\/wp\/v2\/product"}],"about":[{"href":"https:\/\/www.jbphobbyhorsing.com\/fr\/wp-json\/wp\/v2\/types\/product"}],"replies":[{"embeddable":true,"href":"https:\/\/www.jbphobbyhorsing.com\/fr\/wp-json\/wp\/v2\/comments?post=49891"}],"version-history":[{"count":1,"href":"https:\/\/www.jbphobbyhorsing.com\/fr\/wp-json\/wp\/v2\/product\/49891\/revisions"}],"predecessor-version":[{"id":49901,"href":"https:\/\/www.jbphobbyhorsing.com\/fr\/wp-json\/wp\/v2\/product\/49891\/revisions\/49901"}],"wp:featuredmedia":[{"embeddable":true,"href":"https:\/\/www.jbphobbyhorsing.com\/fr\/wp-json\/wp\/v2\/media\/49896"}],"wp:attachment":[{"href":"https:\/\/www.jbphobbyhorsing.com\/fr\/wp-json\/wp\/v2\/media?parent=49891"}],"wp:term":[{"taxonomy":"product_brand","embeddable":true,"href":"https:\/\/www.jbphobbyhorsing.com\/fr\/wp-json\/wp\/v2\/product_brand?post=49891"},{"taxonomy":"product_cat","embeddable":true,"href":"https:\/\/www.jbphobbyhorsing.com\/fr\/wp-json\/wp\/v2\/product_cat?post=49891"},{"taxonomy":"product_tag","embeddable":true,"href":"https:\/\/www.jbphobbyhorsing.com\/fr\/wp-json\/wp\/v2\/product_tag?post=49891"}],"curies":[{"name":"wp","href":"https:\/\/api.w.org\/{rel}","templated":true}]}}