{"id":49982,"date":"2025-11-15T15:34:11","date_gmt":"2025-11-15T15:34:11","guid":{"rendered":"https:\/\/www.jbphobbyhorsing.com\/?post_type=product&#038;p=49982"},"modified":"2025-11-15T15:38:45","modified_gmt":"2025-11-15T15:38:45","slug":"bride-de-saut-en-hauteur-noir-brillant-kopie","status":"publish","type":"product","link":"https:\/\/www.jbphobbyhorsing.com\/fr\/produit\/bride-de-saut-en-hauteur-noir-brillant-kopie\/","title":{"rendered":"Double bride &#8211; noir et marron fonc\u00e9"},"content":{"rendered":"<p>Les brides Jbp sont enti\u00e8rement r\u00e9glables, ce qui les rend parfaitement adapt\u00e9es \u00e0 ton hobbyhorse Jbp, ainsi qu&rsquo;\u00e0 d&rsquo;autres hobbyhorses (marques). Les r\u00eanes sont disponibles s\u00e9par\u00e9ment, assorties en cuir, mais aussi dans diverses autres couleurs gaies. <\/p>\n","protected":false},"excerpt":{"rendered":"<p>Double bride en cuir noir et marron fonc\u00e9, parfaite pour le dressage.<\/p>\n","protected":false},"featured_media":49990,"comment_status":"closed","ping_status":"closed","template":"","meta":[],"product_brand":[],"product_cat":[289],"product_tag":[],"class_list":{"0":"post-49982","1":"product","2":"type-product","3":"status-publish","4":"has-post-thumbnail","6":"product_cat-bridons-et-renes","7":"description-off","9":"first","10":"outofstock","11":"taxable","12":"shipping-taxable","13":"purchasable","14":"product-type-simple"},"_links":{"self":[{"href":"https:\/\/www.jbphobbyhorsing.com\/fr\/wp-json\/wp\/v2\/product\/49982","targetHints":{"allow":["GET"]}}],"collection":[{"href":"https:\/\/www.jbphobbyhorsing.com\/fr\/wp-json\/wp\/v2\/product"}],"about":[{"href":"https:\/\/www.jbphobbyhorsing.com\/fr\/wp-json\/wp\/v2\/types\/product"}],"replies":[{"embeddable":true,"href":"https:\/\/www.jbphobbyhorsing.com\/fr\/wp-json\/wp\/v2\/comments?post=49982"}],"version-history":[{"count":3,"href":"https:\/\/www.jbphobbyhorsing.com\/fr\/wp-json\/wp\/v2\/product\/49982\/revisions"}],"predecessor-version":[{"id":50001,"href":"https:\/\/www.jbphobbyhorsing.com\/fr\/wp-json\/wp\/v2\/product\/49982\/revisions\/50001"}],"wp:featuredmedia":[{"embeddable":true,"href":"https:\/\/www.jbphobbyhorsing.com\/fr\/wp-json\/wp\/v2\/media\/49990"}],"wp:attachment":[{"href":"https:\/\/www.jbphobbyhorsing.com\/fr\/wp-json\/wp\/v2\/media?parent=49982"}],"wp:term":[{"taxonomy":"product_brand","embeddable":true,"href":"https:\/\/www.jbphobbyhorsing.com\/fr\/wp-json\/wp\/v2\/product_brand?post=49982"},{"taxonomy":"product_cat","embeddable":true,"href":"https:\/\/www.jbphobbyhorsing.com\/fr\/wp-json\/wp\/v2\/product_cat?post=49982"},{"taxonomy":"product_tag","embeddable":true,"href":"https:\/\/www.jbphobbyhorsing.com\/fr\/wp-json\/wp\/v2\/product_tag?post=49982"}],"curies":[{"name":"wp","href":"https:\/\/api.w.org\/{rel}","templated":true}]}}