{"id":50239,"date":"2026-01-18T15:37:33","date_gmt":"2026-01-18T15:37:33","guid":{"rendered":"https:\/\/www.jbphobbyhorsing.com\/?post_type=product&#038;p=50239"},"modified":"2026-01-18T15:39:49","modified_gmt":"2026-01-18T15:39:49","slug":"bride-allround-marron-rustique-kopie","status":"publish","type":"product","link":"https:\/\/www.jbphobbyhorsing.com\/fr\/produit\/bride-allround-marron-rustique-kopie\/","title":{"rendered":"Bride polyvalente &#8211; Marron arc-en-ciel"},"content":{"rendered":"<p>Les brides Jbp sont enti\u00e8rement r\u00e9glables, ce qui les rend parfaitement adapt\u00e9es \u00e0 ton hobbyhorse Jbp, ainsi qu&rsquo;\u00e0 d&rsquo;autres hobbyhorses (marques). Les r\u00eanes sont disponibles s\u00e9par\u00e9ment, assorties en cuir, mais aussi dans diverses autres couleurs gaies. <\/p>\n","protected":false},"excerpt":{"rendered":"<p>Bride polyvalente marron rustique, avec une magnifique muserolle et un frontal arc-en-ciel.<\/p>\n","protected":false},"featured_media":50176,"comment_status":"closed","ping_status":"closed","template":"","meta":[],"product_brand":[],"product_cat":[289],"product_tag":[],"class_list":{"0":"post-50239","1":"product","2":"type-product","3":"status-publish","4":"has-post-thumbnail","6":"product_cat-bridons-et-renes","7":"description-off","9":"first","10":"instock","11":"taxable","12":"shipping-taxable","13":"purchasable","14":"product-type-simple"},"_links":{"self":[{"href":"https:\/\/www.jbphobbyhorsing.com\/fr\/wp-json\/wp\/v2\/product\/50239","targetHints":{"allow":["GET"]}}],"collection":[{"href":"https:\/\/www.jbphobbyhorsing.com\/fr\/wp-json\/wp\/v2\/product"}],"about":[{"href":"https:\/\/www.jbphobbyhorsing.com\/fr\/wp-json\/wp\/v2\/types\/product"}],"replies":[{"embeddable":true,"href":"https:\/\/www.jbphobbyhorsing.com\/fr\/wp-json\/wp\/v2\/comments?post=50239"}],"version-history":[{"count":2,"href":"https:\/\/www.jbphobbyhorsing.com\/fr\/wp-json\/wp\/v2\/product\/50239\/revisions"}],"predecessor-version":[{"id":50244,"href":"https:\/\/www.jbphobbyhorsing.com\/fr\/wp-json\/wp\/v2\/product\/50239\/revisions\/50244"}],"wp:featuredmedia":[{"embeddable":true,"href":"https:\/\/www.jbphobbyhorsing.com\/fr\/wp-json\/wp\/v2\/media\/50176"}],"wp:attachment":[{"href":"https:\/\/www.jbphobbyhorsing.com\/fr\/wp-json\/wp\/v2\/media?parent=50239"}],"wp:term":[{"taxonomy":"product_brand","embeddable":true,"href":"https:\/\/www.jbphobbyhorsing.com\/fr\/wp-json\/wp\/v2\/product_brand?post=50239"},{"taxonomy":"product_cat","embeddable":true,"href":"https:\/\/www.jbphobbyhorsing.com\/fr\/wp-json\/wp\/v2\/product_cat?post=50239"},{"taxonomy":"product_tag","embeddable":true,"href":"https:\/\/www.jbphobbyhorsing.com\/fr\/wp-json\/wp\/v2\/product_tag?post=50239"}],"curies":[{"name":"wp","href":"https:\/\/api.w.org\/{rel}","templated":true}]}}