{"id":50496,"date":"2026-04-04T16:31:31","date_gmt":"2026-04-04T16:31:31","guid":{"rendered":"https:\/\/www.jbphobbyhorsing.com\/?post_type=product&#038;p=50496"},"modified":"2026-04-04T16:38:09","modified_gmt":"2026-04-04T16:38:09","slug":"licols-a-mors-differentes-couleurs-kopie","status":"publish","type":"product","link":"https:\/\/www.jbphobbyhorsing.com\/fr\/produit\/licols-a-mors-differentes-couleurs-kopie\/","title":{"rendered":"Licols Happy &#8211; Diff\u00e9rentes couleurs"},"content":{"rendered":"<p>Pour emmener ton cheval-b\u00e2ton avec toi ou le ranger \u00e0 l&rsquo;\u00e9curie, tu peux utiliser un licol. Ces licols sont d\u00e9cor\u00e9s d&rsquo;une muserolle color\u00e9e. Les licols Jbp sont enti\u00e8rement r\u00e9glables, ce qui les rend parfaits pour ton cheval-b\u00e2ton Jbp, mais aussi pour d&rsquo;autres chevaux-b\u00e2tons (marques).  <\/p>\n","protected":false},"excerpt":{"rendered":"<p>Licols Happy pour ton cheval-b\u00e2ton pr\u00e9f\u00e9r\u00e9. Disponibles en diff\u00e9rentes couleurs. <\/p>\n","protected":false},"featured_media":50527,"comment_status":"closed","ping_status":"closed","template":"","meta":[],"product_brand":[],"product_cat":[281],"product_tag":[],"class_list":{"0":"post-50496","1":"product","2":"type-product","3":"status-publish","4":"has-post-thumbnail","6":"product_cat-licols-et-longes","7":"description-off","9":"first","10":"instock","11":"taxable","12":"shipping-taxable","13":"purchasable","14":"product-type-variable"},"_links":{"self":[{"href":"https:\/\/www.jbphobbyhorsing.com\/fr\/wp-json\/wp\/v2\/product\/50496","targetHints":{"allow":["GET"]}}],"collection":[{"href":"https:\/\/www.jbphobbyhorsing.com\/fr\/wp-json\/wp\/v2\/product"}],"about":[{"href":"https:\/\/www.jbphobbyhorsing.com\/fr\/wp-json\/wp\/v2\/types\/product"}],"replies":[{"embeddable":true,"href":"https:\/\/www.jbphobbyhorsing.com\/fr\/wp-json\/wp\/v2\/comments?post=50496"}],"version-history":[{"count":2,"href":"https:\/\/www.jbphobbyhorsing.com\/fr\/wp-json\/wp\/v2\/product\/50496\/revisions"}],"predecessor-version":[{"id":50530,"href":"https:\/\/www.jbphobbyhorsing.com\/fr\/wp-json\/wp\/v2\/product\/50496\/revisions\/50530"}],"wp:featuredmedia":[{"embeddable":true,"href":"https:\/\/www.jbphobbyhorsing.com\/fr\/wp-json\/wp\/v2\/media\/50527"}],"wp:attachment":[{"href":"https:\/\/www.jbphobbyhorsing.com\/fr\/wp-json\/wp\/v2\/media?parent=50496"}],"wp:term":[{"taxonomy":"product_brand","embeddable":true,"href":"https:\/\/www.jbphobbyhorsing.com\/fr\/wp-json\/wp\/v2\/product_brand?post=50496"},{"taxonomy":"product_cat","embeddable":true,"href":"https:\/\/www.jbphobbyhorsing.com\/fr\/wp-json\/wp\/v2\/product_cat?post=50496"},{"taxonomy":"product_tag","embeddable":true,"href":"https:\/\/www.jbphobbyhorsing.com\/fr\/wp-json\/wp\/v2\/product_tag?post=50496"}],"curies":[{"name":"wp","href":"https:\/\/api.w.org\/{rel}","templated":true}]}}